{"id":93,"date":"2018-10-26T10:44:37","date_gmt":"2018-10-26T08:44:37","guid":{"rendered":"http:\/\/psy-rousset-fuveau-peynier.fr\/?page_id=93"},"modified":"2025-01-03T10:01:44","modified_gmt":"2025-01-03T09:01:44","slug":"tarifs-seances","status":"publish","type":"page","link":"https:\/\/psy-rousset-fuveau-peynier.fr\/index.php\/tarifs-seances\/","title":{"rendered":"Description et tarifs des s\u00e9ances"},"content":{"rendered":"<p>Corinne et David-Etienne Barbe proposent diff\u00e9rentes techniques psychoth\u00e9rapeutiques. Pour en savoir plus, faites d\u00e9filer la page ou cliquez sur chacune des th\u00e9rapies ou techniques de d\u00e9veloppement personnelles propos\u00e9es.<\/p>\n<ul>\n<li><a href=\"http:\/\/psy-rousset-fuveau-peynier.fr\/index.php\/tarifs-seances\/psychotherapie\/\">S\u00e9ance de psychoth\u00e9rapie<\/a><\/li>\n<li><a href=\"http:\/\/psy-rousset-fuveau-peynier.fr\/index.php\/tarifs-seances\/psychanalyse\/\">S\u00e9ance de psychanalyse<\/a><\/li>\n<li><a href=\"http:\/\/psy-rousset-fuveau-peynier.fr\/index.php\/tarifs-seances\/therapie-de-couple\/\">S\u00e9ance de th\u00e9rapie de couple<\/a><\/li>\n<li><a href=\"http:\/\/psy-rousset-fuveau-peynier.fr\/index.php\/tarifs-seances\/emdr\/\">S\u00e9ance d&rsquo;EMDR<\/a><\/li>\n<li><a href=\"http:\/\/psy-rousset-fuveau-peynier.fr\/index.php\/tarifs-seances\/danse-therapie\/\">S\u00e9ance de danse-th\u00e9rapie ou danse bien-\u00eatre<\/a><\/li>\n<\/ul>\n<p>&nbsp;<\/p>\n<h3>S\u00e9ance de psychoth\u00e9rapie<\/h3>\n<p><span style=\"font-weight: 400;\">Corinne et David-Etienne vous accueillent en cabinet pour des s\u00e9ances de psychoth\u00e9rapie, alliant une th\u00e9rapie bas\u00e9e sur une <strong>approche analytique<\/strong> \u00e0 laquelle s\u2019ajoutent des <strong>techniques comportementales<\/strong>. Cette pratique, appel\u00e9e <strong>psychoth\u00e9rapie int\u00e9grative<\/strong>, permet d\u2019utiliser les techniques les plus adapt\u00e9es en fonction des besoins sp\u00e9cifiques, que ce soit un mal-\u00eatre, un deuil, des probl\u00e8mes de couple et\/ou professionnels, les \u201ccrises de vie\u201d, la recherche d&rsquo;\u00e9panouissement, ou toute autre raison n\u00e9cessitant un accompagnement professionnel.<\/span><\/p>\n<ul>\n<li style=\"font-weight: 400;\" aria-level=\"1\"><span style=\"font-weight: 400;\">Tarif<\/span><\/li>\n<\/ul>\n<p><span style=\"font-weight: 400;\">57\u20ac pour une s\u00e9ance d\u20191h<\/span><\/p>\n<h3><\/h3>\n<h3>S\u00e9ance de psychanalyse<\/h3>\n<p><span style=\"font-weight: 400;\">Souvent associ\u00e9 \u00e0 Sigmund Freud et son divan, l&rsquo;image de la psychanalyse a \u00e9volu\u00e9. Bien que toujours bas\u00e9e sur une <strong>\u00e9coute attentive et sans jugement<\/strong>, elle s&rsquo;adapte aux avanc\u00e9es th\u00e9oriques. Aujourd&rsquo;hui, elle reste un espace de questionnement sur <strong>soi<\/strong> et son <strong>inconscient<\/strong>, favorisant la verbalisation, l&rsquo;association d&rsquo;id\u00e9es, la r\u00e9flexion sur le parcours, et la projection vers l&rsquo;avenir. David-Etienne vous accompagnera dans votre d\u00e9marche du \u201cmieux-\u00eatre\u201d et du \u201cmieux-vivre\u201d.<\/span><\/p>\n<p><span style=\"font-weight: 400;\">\u00ab <em>Je crois en l\u2019\u00eatre humain. Je suis \u00e9merveill\u00e9 par sa complexit\u00e9, par sa capacit\u00e9 d\u2019adaptation, par les ressources qu\u2019il poss\u00e8de.\u00a0<\/em><\/span><\/p>\n<p><em><span style=\"font-weight: 400;\">Si je reste lucide sur la facult\u00e9 qu\u2019il a \u00e0 se d\u00e9truire, j\u2019ai pu observer depuis des ann\u00e9es cette capacit\u00e9 ph\u00e9nom\u00e9nale de r\u00e9silience que chacun poss\u00e8de, et constater l\u2019aptitude qu\u2019a tout individu \u00e0 faire le point, \u00e0 r\u00e9agir, \u00e0 avancer ou \u00e0 changer de direction.\u00a0<\/span><\/em><\/p>\n<p><span style=\"font-weight: 400;\"><em>C\u2019est un bout de chemin que je vous propose en psychanalyse, celui d\u2019un accueil inconditionnel de ce que vous \u00eates, celui d\u2019un temps paisible et r\u00e9gulier, celui d\u2019un accompagnement pour r\u00e9fl\u00e9chir \u00e0 ce que vous vivez et \u00e9ventuellement \u00e0 l\u2019\u00e9lan et la direction que vous souhaitez donner \u00e0 votre vie.<\/em> \u00bb\u00a0 David-Etienne Barbe<\/span><\/p>\n<ul>\n<li style=\"font-weight: 400;\" aria-level=\"1\"><span style=\"font-weight: 400;\">Tarif<\/span><\/li>\n<\/ul>\n<p><span style=\"font-weight: 400;\">57\u20ac pour une s\u00e9ance d\u20191h<\/span><\/p>\n<p>&nbsp;<\/p>\n<h3>S\u00e9ance de th\u00e9rapie de couple<\/h3>\n<p><span style=\"font-weight: 400;\">De nombreux couples font face \u00e0 des difficult\u00e9s. Pour ceux qui cherchent une aide professionnelle, David-Etienne peut vous accompagner avec une <strong>approche analytique<\/strong> et l&rsquo;utilisation de <strong>techniques comportementales<\/strong> telles que les g\u00e9nogrammes, \u201cla chaise vide\u201d ou autres jeux de r\u00f4le th\u00e9rapeutiques, en guidant les couples \u00e0 travers les crises et vers une am\u00e9lioration de leur relation.<\/span><\/p>\n<p><span style=\"font-weight: 400;\">\u00ab <em>Aujourd\u2019hui les couples voulant continuer l\u2019aventure \u00e0 deux rencontrent de r\u00e9elles difficult\u00e9s. La soci\u00e9t\u00e9, les habitudes, les croyances ont chang\u00e9 et ont \u00e9volu\u00e9 \u00e0 travers le temps et les \u00e9poques. Le couple n\u2019y fait pas exception. De plus, les r\u00f4les des conjoints, hommes ou femmes, se sont modifi\u00e9s. Il est difficile d\u2019appliquer des solutions ancestrales dans un cadre compl\u00e8tement transform\u00e9, et tout aussi compliqu\u00e9 de construire en s\u2019opposant \u00e0 tout rep\u00e8re.<\/em><\/span><\/p>\n<p><span style=\"font-weight: 400;\"><em>Si c\u2019est une difficult\u00e9 c\u2019est aussi une opportunit\u00e9, celle de cr\u00e9er un \u201cvivre ensemble\u201d meilleur, celle d\u2019oser remettre en question l\u2019acquis pour cr\u00e9er son avenir. Chacun peut r\u00e9inventer son couple, l\u2019adapter \u00e0 ce qu\u2019il vit, \u00e0 ce qu\u2019il est, \u00e0 l\u2019autre, et \u00e0 la r\u00e9alit\u00e9 qu\u2019il rencontre, sans abandonner les valeurs qui sont les siennes.<\/em>\u00bb\u00a0 David-Etienne Barbe<\/span><\/p>\n<ul>\n<li style=\"font-weight: 400;\" aria-level=\"1\"><span style=\"font-weight: 400;\">Tarif<\/span><\/li>\n<\/ul>\n<p><span style=\"font-weight: 400;\">-70\u20ac pour une s\u00e9ance en couple d\u20191h<\/span><\/p>\n<p><span style=\"font-weight: 400;\">-57\u20ac pour une s\u00e9ance individuelle d\u20191h<\/span><\/p>\n<p>&nbsp;<\/p>\n<h3>S\u00e9ance d&rsquo;EMDR<\/h3>\n<p><span style=\"font-weight: 400;\">L&rsquo;EMDR, ou \u00ab D\u00e9sensibilisation et Reprogrammation par les Mouvements Oculaires \u00bb, repose sur l&rsquo;id\u00e9e d&rsquo;un<strong> Traitement Adaptatif de l&rsquo;Information (TAI)<\/strong>, un syst\u00e8me inn\u00e9 de r\u00e9paration psychologique pr\u00e9sent chez tous les \u00eatres humains.\u00a0<\/span><\/p>\n<p><span style=\"font-weight: 400;\">Cette m\u00e9thode novatrice vise \u00e0 <strong>d\u00e9sensibiliser les traumatismes<\/strong> et \u00e0 r\u00e9duire l&rsquo;intensit\u00e9 \u00e9motionnelle li\u00e9e \u00e0 des \u00e9v\u00e9nements difficiles.\u00a0<\/span><\/p>\n<p><span style=\"font-weight: 400;\">En moyenne, 4 s\u00e9ances, d&rsquo;une dur\u00e9e d&rsquo;environ 1h \u00e0 1h30, peuvent suffire pour obtenir des r\u00e9sultats satisfaisants. Corinne Barbe int\u00e8gre l&rsquo;EMDR dans ses s\u00e9ances de psychoth\u00e9rapie en tant qu&rsquo;<strong>outil th\u00e9rapeutique<\/strong>, mais cette m\u00e9thode peut faire l\u2019objet d\u2019une s\u00e9ance d\u00e9di\u00e9e dans le traitement de traumatismes, de phobies, de <a href=\"https:\/\/psy-rousset-fuveau-peynier.fr\/index.php\/2024\/02\/06\/le-deuil-quand-consulter\/\">deuils difficiles<\/a> ou de charges \u00e9motionnelles intenses.<\/span><\/p>\n<ul>\n<li style=\"font-weight: 400;\" aria-level=\"1\"><span style=\"font-weight: 400;\">Tarif<\/span><\/li>\n<\/ul>\n<p><span style=\"font-weight: 400;\">65\u20ac pour une s\u00e9ance d\u20191h \u00e0 1h30<\/span><\/p>\n<p>&nbsp;<\/p>\n<h3>S\u00e9ance de danse-th\u00e9rapie ou danse bien-\u00eatre<\/h3>\n<p><span style=\"font-weight: 400;\">Corinne propose divers accompagnements, notamment des ateliers de \u00ab danse bien-\u00eatre \u00bb \u00e0 l&rsquo;\u00e9cole <a href=\"https:\/\/www.arcdanse.com\/\">Arcdanse<\/a> \u00e0 Rousset. <\/span><\/p>\n<p><span style=\"font-weight: 400;\">Ces s\u00e9ances utilisent le mouvement, le rythme, l\u2019espace, la libert\u00e9 et l\u2019expression, et permettent de :<\/span><\/p>\n<ul>\n<li style=\"font-weight: 400;\" aria-level=\"1\"><span style=\"font-weight: 400;\">d\u00e9lier le corps et le mental<\/span><\/li>\n<li style=\"font-weight: 400;\" aria-level=\"1\"><span style=\"font-weight: 400;\">mieux se conna\u00eetre<\/span><\/li>\n<li style=\"font-weight: 400;\" aria-level=\"1\"><span style=\"font-weight: 400;\">d\u00e9velopper sa cr\u00e9ativit\u00e9<\/span><\/li>\n<li style=\"font-weight: 400;\" aria-level=\"1\"><span style=\"font-weight: 400;\">rel\u00e2cher les tensions<\/span><\/li>\n<li style=\"font-weight: 400;\" aria-level=\"1\"><span style=\"font-weight: 400;\">l\u00e2cher prise<\/span><\/li>\n<li style=\"font-weight: 400;\" aria-level=\"1\"><span style=\"font-weight: 400;\">diminuer le stress<\/span><\/li>\n<li style=\"font-weight: 400;\" aria-level=\"1\"><span style=\"font-weight: 400;\">favoriser l\u2019\u00e9change<\/span><\/li>\n<li style=\"font-weight: 400;\" aria-level=\"1\"><span style=\"font-weight: 400;\">trouver le plaisir de danser<\/span><\/li>\n<li style=\"font-weight: 400;\" aria-level=\"1\"><span style=\"font-weight: 400;\">restaurer une image positive de soi\u00a0<\/span><\/li>\n<\/ul>\n<p><span style=\"font-weight: 400;\">Les ateliers se d\u00e9roulent de la mani\u00e8re suivante :\u00a0<\/span><\/p>\n<ul>\n<li style=\"font-weight: 400;\" aria-level=\"1\"><span style=\"font-weight: 400;\">temps de centrage et d\u2019\u00e9chauffement corporel (mobilisation du corps en conscience)<\/span><\/li>\n<li style=\"font-weight: 400;\" aria-level=\"1\"><span style=\"font-weight: 400;\">temps d\u2019exploration :\u00a0<\/span><\/li>\n<\/ul>\n<p><span style=\"font-weight: 400;\">-de l\u2019espace (niveaux, directions, etc.)<\/span><\/p>\n<p><span style=\"font-weight: 400;\">-du rythme ou rapport au temps<\/span><\/p>\n<p><span style=\"font-weight: 400;\">-de la relation \u00e0 l\u2019autre (danse en duo, \u00e0 plusieurs, danse-contact, etc.)<\/span><\/p>\n<p><span style=\"font-weight: 400;\">-des propositions en lien avec l\u2019imaginaire<\/span><\/p>\n<ul>\n<li style=\"font-weight: 400;\" aria-level=\"1\"><span style=\"font-weight: 400;\">temps de retour au calme, de d\u00e9tente<\/span><\/li>\n<li style=\"font-weight: 400;\" aria-level=\"1\"><span style=\"font-weight: 400;\">temps de verbalisation et de partage\u00a0<\/span><\/li>\n<\/ul>\n<p><span style=\"font-weight: 400;\">Le tout dans une ambiance bienveillante , en respectant le rythme de chacun.<\/span><\/p>\n<ul>\n<li style=\"font-weight: 400;\" aria-level=\"1\"><span style=\"font-weight: 400;\">Tarif<\/span><\/li>\n<\/ul>\n<p><span style=\"font-weight: 400;\">-30\u20ac par personne pour un atelier d\u20191h30 \u00e0 2h<\/span><\/p>\n<p><span style=\"font-weight: 400;\">-57\u20ac pour un atelier individuel (pour r\u00e9gler une probl\u00e9matique de mani\u00e8re plus cibl\u00e9e)<\/span><\/p>\n","protected":false},"excerpt":{"rendered":"<p>Corinne et David-Etienne Barbe proposent diff\u00e9rentes techniques psychoth\u00e9rapeutiques. Pour en savoir plus, faites d\u00e9filer la page ou cliquez sur chacune des th\u00e9rapies ou techniques de d\u00e9veloppement personnelles propos\u00e9es. S\u00e9ance de psychoth\u00e9rapie S\u00e9ance de psychanalyse S\u00e9ance de th\u00e9rapie de couple S\u00e9ance d&rsquo;EMDR S\u00e9ance de danse-th\u00e9rapie ou danse bien-\u00eatre &nbsp; S\u00e9ance de psychoth\u00e9rapie Corinne et David-Etienne vous &hellip; <\/p>\n<p class=\"link-more\"><a href=\"https:\/\/psy-rousset-fuveau-peynier.fr\/index.php\/tarifs-seances\/\" class=\"more-link\">Continuer la lecture<span class=\"screen-reader-text\"> de &laquo;&nbsp;Description et tarifs des s\u00e9ances&nbsp;&raquo;<\/span><\/a><\/p>\n","protected":false},"author":1,"featured_media":141,"parent":0,"menu_order":0,"comment_status":"closed","ping_status":"closed","template":"","meta":{"footnotes":""},"_links":{"self":[{"href":"https:\/\/psy-rousset-fuveau-peynier.fr\/index.php\/wp-json\/wp\/v2\/pages\/93"}],"collection":[{"href":"https:\/\/psy-rousset-fuveau-peynier.fr\/index.php\/wp-json\/wp\/v2\/pages"}],"about":[{"href":"https:\/\/psy-rousset-fuveau-peynier.fr\/index.php\/wp-json\/wp\/v2\/types\/page"}],"author":[{"embeddable":true,"href":"https:\/\/psy-rousset-fuveau-peynier.fr\/index.php\/wp-json\/wp\/v2\/users\/1"}],"replies":[{"embeddable":true,"href":"https:\/\/psy-rousset-fuveau-peynier.fr\/index.php\/wp-json\/wp\/v2\/comments?post=93"}],"version-history":[{"count":12,"href":"https:\/\/psy-rousset-fuveau-peynier.fr\/index.php\/wp-json\/wp\/v2\/pages\/93\/revisions"}],"predecessor-version":[{"id":297,"href":"https:\/\/psy-rousset-fuveau-peynier.fr\/index.php\/wp-json\/wp\/v2\/pages\/93\/revisions\/297"}],"wp:featuredmedia":[{"embeddable":true,"href":"https:\/\/psy-rousset-fuveau-peynier.fr\/index.php\/wp-json\/wp\/v2\/media\/141"}],"wp:attachment":[{"href":"https:\/\/psy-rousset-fuveau-peynier.fr\/index.php\/wp-json\/wp\/v2\/media?parent=93"}],"curies":[{"name":"wp","href":"https:\/\/api.w.org\/{rel}","templated":true}]}}