{"id":90,"date":"2018-10-26T10:41:46","date_gmt":"2018-10-26T08:41:46","guid":{"rendered":"http:\/\/psy-rousset-fuveau-peynier.fr\/?page_id=90"},"modified":"2023-11-11T23:20:46","modified_gmt":"2023-11-11T22:20:46","slug":"lieu","status":"publish","type":"page","link":"https:\/\/psy-rousset-fuveau-peynier.fr\/index.php\/lieu\/","title":{"rendered":"Le lieu"},"content":{"rendered":"<h3><img loading=\"lazy\" decoding=\"async\" class=\"alignleft size-medium wp-image-25\" src=\"http:\/\/psy-rousset-fuveau-peynier.fr\/wp-content\/uploads\/2018\/10\/Cabinet-psychoth\u00e9rapie-psychanalyse-1-225x300.jpg\" alt=\"\" width=\"225\" height=\"300\" srcset=\"https:\/\/psy-rousset-fuveau-peynier.fr\/wp-content\/uploads\/2018\/10\/Cabinet-psychoth\u00e9rapie-psychanalyse-1-225x300.jpg 225w, https:\/\/psy-rousset-fuveau-peynier.fr\/wp-content\/uploads\/2018\/10\/Cabinet-psychoth\u00e9rapie-psychanalyse-1.jpg 400w\" sizes=\"(max-width: 225px) 100vw, 225px\" \/><strong>Le lieu<\/strong><\/h3>\n<p><em><span style=\"font-weight: 400;\">\u00a0\u201cSitu\u00e9 aux Michels (Peynier), \u00e0 5 minutes de Rousset ou Fuveau, notre cabinet a pour objectif de cr\u00e9er un espace contemporain et chaleureux, offrant une vue sur la nature. Ce cadre serein et verdoyant est con\u00e7u pour permettre aux personnes de s&rsquo;\u00e9vader de leur quotidien le temps d&rsquo;une s\u00e9ance de psychoth\u00e9rapie, de psychanalyse ou de th\u00e9rapie de couple, tout en restant facilement accessible depuis les axes routiers.\u00a0\u00bb<\/span><\/em><\/p>\n<p><em><img loading=\"lazy\" decoding=\"async\" class=\"size-medium wp-image-16 alignleft\" src=\"http:\/\/psy-rousset-fuveau-peynier.fr\/wp-content\/uploads\/2018\/10\/Cabinet-Th\u00e9rapie-de-couple-et-Psychanalyste-300x170.jpg\" alt=\"\" width=\"300\" height=\"170\" srcset=\"https:\/\/psy-rousset-fuveau-peynier.fr\/wp-content\/uploads\/2018\/10\/Cabinet-Th\u00e9rapie-de-couple-et-Psychanalyste-300x170.jpg 300w, https:\/\/psy-rousset-fuveau-peynier.fr\/wp-content\/uploads\/2018\/10\/Cabinet-Th\u00e9rapie-de-couple-et-Psychanalyste.jpg 705w\" sizes=\"(max-width: 300px) 100vw, 300px\" \/><br \/>\n<\/em><\/p>\n","protected":false},"excerpt":{"rendered":"<p>Le lieu \u00a0\u201cSitu\u00e9 aux Michels (Peynier), \u00e0 5 minutes de Rousset ou Fuveau, notre cabinet a pour objectif de cr\u00e9er un espace contemporain et chaleureux, offrant une vue sur la nature. Ce cadre serein et verdoyant est con\u00e7u pour permettre aux personnes de s&rsquo;\u00e9vader de leur quotidien le temps d&rsquo;une s\u00e9ance de psychoth\u00e9rapie, de psychanalyse &hellip; <\/p>\n<p class=\"link-more\"><a href=\"https:\/\/psy-rousset-fuveau-peynier.fr\/index.php\/lieu\/\" class=\"more-link\">Continuer la lecture<span class=\"screen-reader-text\"> de &laquo;&nbsp;Le lieu&nbsp;&raquo;<\/span><\/a><\/p>\n","protected":false},"author":1,"featured_media":0,"parent":0,"menu_order":0,"comment_status":"closed","ping_status":"closed","template":"","meta":{"footnotes":""},"_links":{"self":[{"href":"https:\/\/psy-rousset-fuveau-peynier.fr\/index.php\/wp-json\/wp\/v2\/pages\/90"}],"collection":[{"href":"https:\/\/psy-rousset-fuveau-peynier.fr\/index.php\/wp-json\/wp\/v2\/pages"}],"about":[{"href":"https:\/\/psy-rousset-fuveau-peynier.fr\/index.php\/wp-json\/wp\/v2\/types\/page"}],"author":[{"embeddable":true,"href":"https:\/\/psy-rousset-fuveau-peynier.fr\/index.php\/wp-json\/wp\/v2\/users\/1"}],"replies":[{"embeddable":true,"href":"https:\/\/psy-rousset-fuveau-peynier.fr\/index.php\/wp-json\/wp\/v2\/comments?post=90"}],"version-history":[{"count":8,"href":"https:\/\/psy-rousset-fuveau-peynier.fr\/index.php\/wp-json\/wp\/v2\/pages\/90\/revisions"}],"predecessor-version":[{"id":242,"href":"https:\/\/psy-rousset-fuveau-peynier.fr\/index.php\/wp-json\/wp\/v2\/pages\/90\/revisions\/242"}],"wp:attachment":[{"href":"https:\/\/psy-rousset-fuveau-peynier.fr\/index.php\/wp-json\/wp\/v2\/media?parent=90"}],"curies":[{"name":"wp","href":"https:\/\/api.w.org\/{rel}","templated":true}]}}