{"id":36,"date":"2018-10-18T09:40:25","date_gmt":"2018-10-18T07:40:25","guid":{"rendered":"http:\/\/psy-rousset-fuveau-peynier.fr\/?page_id=36"},"modified":"2023-11-11T22:25:40","modified_gmt":"2023-11-11T21:25:40","slug":"contact","status":"publish","type":"page","link":"https:\/\/psy-rousset-fuveau-peynier.fr\/index.php\/contact\/","title":{"rendered":"Contact"},"content":{"rendered":"<p><span style=\"font-weight: 400;\">La prise de rendez-vous se fait par t\u00e9l\u00e9phone au :\u00a0<\/span><\/p>\n<ul>\n<li style=\"font-weight: 400;\" aria-level=\"1\"><span style=\"font-weight: 400;\"><a href=\"tel:0616272255\">06 16 27 22 55<\/a> pour une s\u00e9ance de psychoth\u00e9rapie, EMDR, danse-th\u00e9rapie ou th\u00e9rapie de couple avec <strong>Corinne Barbe<\/strong><\/span><\/li>\n<li style=\"font-weight: 400;\" aria-level=\"1\"><span style=\"font-weight: 400;\"><a href=\"tel:0683146756\">06 83 14 67 56<\/a> pour une s\u00e9ance de psychoth\u00e9rapie, psychanalyse ou th\u00e9rapie de couple avec <strong>David-Etienne Barbe<\/strong><\/span><\/li>\n<\/ul>\n<p>&nbsp;<\/p>\n<p>Ou en remplissant le formulaire ci-dessous :<\/p>\n<div role=\"form\" class=\"wpcf7\" id=\"wpcf7-f133-o1\" lang=\"fr-FR\" dir=\"ltr\">\n<div class=\"screen-reader-response\"><\/div>\n<form action=\"\/index.php\/wp-json\/wp\/v2\/pages\/36#wpcf7-f133-o1\" method=\"post\" class=\"wpcf7-form\" novalidate=\"novalidate\">\n<div style=\"display: none;\">\n<input type=\"hidden\" name=\"_wpcf7\" value=\"133\" \/>\n<input type=\"hidden\" name=\"_wpcf7_version\" value=\"5.0.5\" \/>\n<input type=\"hidden\" name=\"_wpcf7_locale\" value=\"fr_FR\" \/>\n<input type=\"hidden\" name=\"_wpcf7_unit_tag\" value=\"wpcf7-f133-o1\" \/>\n<input type=\"hidden\" name=\"_wpcf7_container_post\" value=\"0\" \/>\n<\/div>\n<p><label> Votre nom (obligatoire)<br \/>\n    <span class=\"wpcf7-form-control-wrap your-name\"><input type=\"text\" name=\"your-name\" value=\"\" size=\"40\" class=\"wpcf7-form-control wpcf7-text wpcf7-validates-as-required\" aria-required=\"true\" aria-invalid=\"false\" \/><\/span> <\/label><\/p>\n<p><label> Votre pr\u00e9nom (obligatoire)<br \/>\n<span class=\"wpcf7-form-control-wrap Prenom\"><input type=\"text\" name=\"Prenom\" value=\"\" size=\"40\" class=\"wpcf7-form-control wpcf7-text wpcf7-validates-as-required\" aria-required=\"true\" aria-invalid=\"false\" \/><\/span><\/label><\/p>\n<p><label> Votre t\u00e9l\u00e9phone (obligatoire)<br \/>\n<span class=\"wpcf7-form-control-wrap tel-564\"><input type=\"tel\" name=\"tel-564\" value=\"\" size=\"40\" class=\"wpcf7-form-control wpcf7-text wpcf7-tel wpcf7-validates-as-required wpcf7-validates-as-tel\" aria-required=\"true\" aria-invalid=\"false\" \/><\/span> <\/label><\/p>\n<p><label> Votre adresse de messagerie<br \/>\n    <span class=\"wpcf7-form-control-wrap email\"><input type=\"email\" name=\"email\" value=\"\" size=\"40\" class=\"wpcf7-form-control wpcf7-text wpcf7-email wpcf7-validates-as-email\" aria-invalid=\"false\" \/><\/span> <\/label><\/p>\n<p><label> Objet<br \/>\n    <span class=\"wpcf7-form-control-wrap your-subject\"><input type=\"text\" name=\"your-subject\" value=\"\" size=\"40\" class=\"wpcf7-form-control wpcf7-text\" aria-invalid=\"false\" \/><\/span> <\/label><\/p>\n<p><label> Votre message<br \/>\n    <span class=\"wpcf7-form-control-wrap your-message\"><textarea name=\"your-message\" cols=\"40\" rows=\"10\" class=\"wpcf7-form-control wpcf7-textarea\" aria-invalid=\"false\"><\/textarea><\/span> <\/label><\/p>\n<p><input type=\"submit\" value=\"Envoyer\" class=\"wpcf7-form-control wpcf7-submit\" \/><\/p>\n<p style=\"display: none !important;\" class=\"akismet-fields-container\" data-prefix=\"_wpcf7_ak_\"><label>&#916;<textarea name=\"_wpcf7_ak_hp_textarea\" cols=\"45\" rows=\"8\" maxlength=\"100\"><\/textarea><\/label><input type=\"hidden\" id=\"ak_js_1\" name=\"_wpcf7_ak_js\" value=\"229\"\/><script>document.getElementById( \"ak_js_1\" ).setAttribute( \"value\", ( new Date() ).getTime() );<\/script><\/p><div class=\"wpcf7-response-output wpcf7-display-none\"><\/div><\/form><\/div>\n","protected":false},"excerpt":{"rendered":"<p>La prise de rendez-vous se fait par t\u00e9l\u00e9phone au :\u00a0 06 16 27 22 55 pour une s\u00e9ance de psychoth\u00e9rapie, EMDR, danse-th\u00e9rapie ou th\u00e9rapie de couple avec Corinne Barbe 06 83 14 67 56 pour une s\u00e9ance de psychoth\u00e9rapie, psychanalyse ou th\u00e9rapie de couple avec David-Etienne Barbe &nbsp; Ou en remplissant le formulaire ci-dessous :<\/p>\n","protected":false},"author":1,"featured_media":150,"parent":0,"menu_order":0,"comment_status":"closed","ping_status":"closed","template":"","meta":{"footnotes":""},"_links":{"self":[{"href":"https:\/\/psy-rousset-fuveau-peynier.fr\/index.php\/wp-json\/wp\/v2\/pages\/36"}],"collection":[{"href":"https:\/\/psy-rousset-fuveau-peynier.fr\/index.php\/wp-json\/wp\/v2\/pages"}],"about":[{"href":"https:\/\/psy-rousset-fuveau-peynier.fr\/index.php\/wp-json\/wp\/v2\/types\/page"}],"author":[{"embeddable":true,"href":"https:\/\/psy-rousset-fuveau-peynier.fr\/index.php\/wp-json\/wp\/v2\/users\/1"}],"replies":[{"embeddable":true,"href":"https:\/\/psy-rousset-fuveau-peynier.fr\/index.php\/wp-json\/wp\/v2\/comments?post=36"}],"version-history":[{"count":11,"href":"https:\/\/psy-rousset-fuveau-peynier.fr\/index.php\/wp-json\/wp\/v2\/pages\/36\/revisions"}],"predecessor-version":[{"id":235,"href":"https:\/\/psy-rousset-fuveau-peynier.fr\/index.php\/wp-json\/wp\/v2\/pages\/36\/revisions\/235"}],"wp:featuredmedia":[{"embeddable":true,"href":"https:\/\/psy-rousset-fuveau-peynier.fr\/index.php\/wp-json\/wp\/v2\/media\/150"}],"wp:attachment":[{"href":"https:\/\/psy-rousset-fuveau-peynier.fr\/index.php\/wp-json\/wp\/v2\/media?parent=36"}],"curies":[{"name":"wp","href":"https:\/\/api.w.org\/{rel}","templated":true}]}}