{"id":209,"date":"2022-02-23T10:41:15","date_gmt":"2022-02-23T09:41:15","guid":{"rendered":"http:\/\/psy-rousset-fuveau-peynier.fr\/?page_id=209"},"modified":"2024-02-06T20:34:49","modified_gmt":"2024-02-06T19:34:49","slug":"emdr","status":"publish","type":"page","link":"https:\/\/psy-rousset-fuveau-peynier.fr\/index.php\/tarifs-seances\/emdr\/","title":{"rendered":"S\u00e9ance d&rsquo;EMDR"},"content":{"rendered":"<p><span style=\"font-weight: 400;\">L&rsquo;EMDR, ou \u00ab D\u00e9sensibilisation et Reprogrammation par les Mouvements Oculaires \u00bb, repose sur l&rsquo;id\u00e9e d&rsquo;un <strong>Traitement Adaptatif de l&rsquo;Information (TAI)<\/strong>, un syst\u00e8me inn\u00e9 de r\u00e9paration psychologique pr\u00e9sent chez tous les \u00eatres humains.\u00a0<\/span><\/p>\n<p><span style=\"font-weight: 400;\">Cette m\u00e9thode novatrice vise \u00e0 <strong>d\u00e9sensibiliser les<\/strong> <strong>traumatismes<\/strong> et \u00e0 r\u00e9duire l&rsquo;intensit\u00e9 \u00e9motionnelle li\u00e9e \u00e0 des \u00e9v\u00e9nements difficiles.\u00a0<\/span><\/p>\n<p><span style=\"font-weight: 400;\">En moyenne, 4 s\u00e9ances, d&rsquo;une dur\u00e9e d&rsquo;environ 1h \u00e0 1h30, peuvent suffire pour obtenir des r\u00e9sultats satisfaisants. Corinne Barbe int\u00e8gre l&rsquo;EMDR dans ses s\u00e9ances de psychoth\u00e9rapie en tant qu&rsquo;<strong>outil th\u00e9rapeutique<\/strong>, mais cette m\u00e9thode peut faire l\u2019objet d\u2019une s\u00e9ance d\u00e9di\u00e9e dans le traitement de traumatismes, de phobies, de <a href=\"https:\/\/psy-rousset-fuveau-peynier.fr\/index.php\/2024\/02\/06\/le-deuil-quand-consulter\/\">deuils difficiles<\/a> ou de charges \u00e9motionnelles intenses.<\/span><\/p>\n<p>&nbsp;<\/p>\n<ul>\n<li style=\"font-weight: 400;\" aria-level=\"1\"><strong>Tarif<\/strong><\/li>\n<\/ul>\n<p><span style=\"font-weight: 400;\">69\u20ac pour une s\u00e9ance d\u20191h \u00e0 1h30.<\/span><\/p>\n","protected":false},"excerpt":{"rendered":"<p>L&rsquo;EMDR, ou \u00ab D\u00e9sensibilisation et Reprogrammation par les Mouvements Oculaires \u00bb, repose sur l&rsquo;id\u00e9e d&rsquo;un Traitement Adaptatif de l&rsquo;Information (TAI), un syst\u00e8me inn\u00e9 de r\u00e9paration psychologique pr\u00e9sent chez tous les \u00eatres humains.\u00a0 Cette m\u00e9thode novatrice vise \u00e0 d\u00e9sensibiliser les traumatismes et \u00e0 r\u00e9duire l&rsquo;intensit\u00e9 \u00e9motionnelle li\u00e9e \u00e0 des \u00e9v\u00e9nements difficiles.\u00a0 En moyenne, 4 s\u00e9ances, d&rsquo;une &hellip; <\/p>\n<p class=\"link-more\"><a href=\"https:\/\/psy-rousset-fuveau-peynier.fr\/index.php\/tarifs-seances\/emdr\/\" class=\"more-link\">Continuer la lecture<span class=\"screen-reader-text\"> de &laquo;&nbsp;S\u00e9ance d&rsquo;EMDR&nbsp;&raquo;<\/span><\/a><\/p>\n","protected":false},"author":1,"featured_media":0,"parent":93,"menu_order":0,"comment_status":"closed","ping_status":"closed","template":"","meta":{"footnotes":""},"_links":{"self":[{"href":"https:\/\/psy-rousset-fuveau-peynier.fr\/index.php\/wp-json\/wp\/v2\/pages\/209"}],"collection":[{"href":"https:\/\/psy-rousset-fuveau-peynier.fr\/index.php\/wp-json\/wp\/v2\/pages"}],"about":[{"href":"https:\/\/psy-rousset-fuveau-peynier.fr\/index.php\/wp-json\/wp\/v2\/types\/page"}],"author":[{"embeddable":true,"href":"https:\/\/psy-rousset-fuveau-peynier.fr\/index.php\/wp-json\/wp\/v2\/users\/1"}],"replies":[{"embeddable":true,"href":"https:\/\/psy-rousset-fuveau-peynier.fr\/index.php\/wp-json\/wp\/v2\/comments?post=209"}],"version-history":[{"count":7,"href":"https:\/\/psy-rousset-fuveau-peynier.fr\/index.php\/wp-json\/wp\/v2\/pages\/209\/revisions"}],"predecessor-version":[{"id":287,"href":"https:\/\/psy-rousset-fuveau-peynier.fr\/index.php\/wp-json\/wp\/v2\/pages\/209\/revisions\/287"}],"up":[{"embeddable":true,"href":"https:\/\/psy-rousset-fuveau-peynier.fr\/index.php\/wp-json\/wp\/v2\/pages\/93"}],"wp:attachment":[{"href":"https:\/\/psy-rousset-fuveau-peynier.fr\/index.php\/wp-json\/wp\/v2\/media?parent=209"}],"curies":[{"name":"wp","href":"https:\/\/api.w.org\/{rel}","templated":true}]}}